{"id":1971,"date":"2025-08-12T13:48:18","date_gmt":"2025-08-12T11:48:18","guid":{"rendered":"https:\/\/demo.appifactory.com\/?page_id=1971"},"modified":"2025-08-12T21:24:53","modified_gmt":"2025-08-12T19:24:53","slug":"reserva","status":"publish","type":"page","link":"https:\/\/homeonecanary.com\/en\/reserva\/","title":{"rendered":"Booking"},"content":{"rendered":"<div data-elementor-type=\"wp-page\" data-elementor-id=\"1971\" class=\"elementor elementor-1971\">\n\t\t\t\t\t\t<section class=\"elementor-section elementor-top-section elementor-element elementor-element-f8331ba elementor-section-boxed elementor-section-height-default elementor-section-height-default wpr-particle-no wpr-jarallax-no wpr-parallax-no wpr-sticky-section-no\" data-id=\"f8331ba\" data-element_type=\"section\">\n\t\t\t\t\t\t<div class=\"elementor-container elementor-column-gap-wide\">\n\t\t\t\t\t<div class=\"elementor-column elementor-col-100 elementor-top-column elementor-element elementor-element-5ad9a37 elementor-invisible\" data-id=\"5ad9a37\" data-element_type=\"column\" data-settings=\"{&quot;animation&quot;:&quot;slideInRight&quot;}\">\n\t\t\t<div class=\"elementor-widget-wrap elementor-element-populated\">\n\t\t\t\t\t\t<div class=\"elementor-element elementor-element-67f9e0f elementor-widget elementor-widget-heading\" data-id=\"67f9e0f\" data-element_type=\"widget\" data-widget_type=\"heading.default\">\n\t\t\t\t\t<h2 class=\"elementor-heading-title elementor-size-default\">Gracias por tu inter\u00e9s<\/h2>\t\t\t\t<\/div>\n\t\t\t\t\t<\/div>\n\t\t<\/div>\n\t\t\t\t\t<\/div>\n\t\t<\/section>\n\t\t\t\t<section class=\"elementor-section elementor-top-section elementor-element elementor-element-6afcfcb elementor-section-boxed elementor-section-height-default elementor-section-height-default wpr-particle-no wpr-jarallax-no wpr-parallax-no wpr-sticky-section-no\" data-id=\"6afcfcb\" data-element_type=\"section\">\n\t\t\t\t\t\t<div class=\"elementor-container elementor-column-gap-wide\">\n\t\t\t\t\t<div class=\"elementor-column elementor-col-50 elementor-top-column elementor-element elementor-element-b48aa26 elementor-invisible\" data-id=\"b48aa26\" data-element_type=\"column\" data-settings=\"{&quot;animation&quot;:&quot;slideInLeft&quot;}\">\n\t\t\t<div class=\"elementor-widget-wrap elementor-element-populated\">\n\t\t\t\t\t\t<div class=\"elementor-element elementor-element-db2864e fluentform-widget-submit-button-custom elementor-widget elementor-widget-fluent-form-widget\" data-id=\"db2864e\" data-element_type=\"widget\" data-widget_type=\"fluent-form-widget.default\">\n\t\t\t\t<div class=\"elementor-widget-container\">\n\t\t\t\t\t\n            <div class=\"fluentform-widget-wrapper fluentform-widget-align-default\">\n\n            \n            <div class='fluentform ff-default fluentform_wrapper_3 ffs_default_wrap'><form data-form_id=\"3\" id=\"fluentform_3\" class=\"frm-fluent-form fluent_form_3 ff-el-form-top ff_form_instance_3_1 ff-form-loading ffs_default\" data-form_instance=\"ff_form_instance_3_1\" method=\"POST\" action=\"\" ><fieldset  style=\"border: none!important;margin: 0!important;padding: 0!important;background-color: transparent!important;box-shadow: none!important;outline: none!important; min-inline-size: 100%;\">\n                    <legend class=\"ff_screen_reader_title\" style=\"display: block; margin: 0!important;padding: 0!important;height: 0!important;text-indent: -999999px;width: 0!important;overflow:hidden;\">Booking<\/legend>        <input type=\"hidden\" id=\"__fluent_protection_token_3\" class=\"fluent-form-token-field\" name=\"__fluent_protection_token_3\">\n        <input type='hidden' name='__fluent_form_embded_post_id' value='1971' \/><input type=\"hidden\" id=\"_fluentform_3_fluentformnonce\" name=\"_fluentform_3_fluentformnonce\" value=\"a86c6fc1f6\" \/><input type=\"hidden\" name=\"_wp_http_referer\" value=\"\/en\/wp-json\/wp\/v2\/pages\/1971\" \/><div class='ff-el-group  ff-custom_html' tabindex='-1' data-name=\"custom_html-3_1\" ><p>\u00a0Est\u00e1s a punto de solicitar una reserva para la siguiente Vivienda:<strong> <\/strong> con el precio de: <strong><\/strong><\/p>\n<p>Por favor, rellena el siguiente formulario para continuar con el proceso.<\/p><\/div><div data-type=\"name-element\" data-name=\"names\" class=\"ff-field_container ff-name-field-wrapper\" ><div class='ff-t-container'><div class='ff-t-cell'><div class='ff-el-group'><div class=\"ff-el-input--label ff-el-is-required asterisk-right\"><label for='ff_3_names_first_name_' >Nombres<\/label><\/div><div class='ff-el-input--content'><input type=\"text\" name=\"names[first_name]\" id=\"ff_3_names_first_name_\" class=\"ff-el-form-control\" placeholder=\"Nombres\" aria-invalid=\"false\" aria-required=\"true\"><\/div><\/div><\/div><div class='ff-t-cell'><div class='ff-el-group'><div class=\"ff-el-input--label ff-el-is-required asterisk-right\"><label for='ff_3_names_last_name_' >Apellidos<\/label><\/div><div class='ff-el-input--content'><input type=\"text\" name=\"names[last_name]\" id=\"ff_3_names_last_name_\" class=\"ff-el-form-control\" placeholder=\"Apellidos\" aria-invalid=\"false\" aria-required=\"true\"><\/div><\/div><\/div><\/div><\/div><div data-name=\"ff_cn_id_1\"  class='ff-t-container ff-column-container ff_columns_total_2'><div class='ff-t-cell ff-t-column-1' style='flex-basis: 50%;'><div class='ff-el-group'><div class=\"ff-el-input--label ff-el-is-required asterisk-right\"><label for='ff_3_email_1' aria-label=\"Email\">Email<\/label><\/div><div class='ff-el-input--content'><input type=\"email\" name=\"email_1\" id=\"ff_3_email_1\" class=\"ff-el-form-control\" placeholder=\"Email@ejemplo.com\" data-name=\"email_1\"  aria-invalid=\"false\" aria-required=\"true\"><\/div><\/div><\/div><div class='ff-t-cell ff-t-column-2' style='flex-basis: 50%;'><div class='ff-el-group'><div class=\"ff-el-input--label ff-el-is-required asterisk-right\"><label for='ff_3_input_text' aria-label=\"Tel\u00e9fono\">Tel\u00e9fono<\/label><\/div><div class='ff-el-input--content'><input type=\"text\" name=\"input_text\" class=\"ff-el-form-control\" placeholder=\"+34 123 456 789\" data-name=\"input_text\" id=\"ff_3_input_text\"  aria-invalid=\"false\" aria-required=\"true\"><\/div><\/div><\/div><\/div><div data-name=\"ff_cn_id_2\"  class='ff-t-container ff-column-container ff_columns_total_2'><div class='ff-t-cell ff-t-column-1' style='flex-basis: 50%;'><div class='ff-el-group'><div class=\"ff-el-input--label asterisk-right\"><label for='ff_3_input_text_1' aria-label=\"Housing\">Housing<\/label><\/div><div class='ff-el-input--content'><input type=\"text\" name=\"input_text_1\" value=\"\" class=\"ff-el-form-control ff-read-only\" data-name=\"input_text_1\" id=\"ff_3_input_text_1\"  aria-invalid=\"false\" aria-required=\"false\"><\/div><\/div><\/div><div class='ff-t-cell ff-t-column-2' style='flex-basis: 50%;'><div class='ff-el-group'><div class=\"ff-el-input--label asterisk-right\"><label for='ff_3_input_text_2' aria-label=\"Price\">Price<\/label><\/div><div class='ff-el-input--content'><input type=\"text\" name=\"input_text_2\" value=\"\" class=\"ff-el-form-control ff-read-only\" data-name=\"input_text_2\" id=\"ff_3_input_text_2\"  aria-invalid=\"false\" aria-required=\"false\"><\/div><\/div><\/div><\/div><div class='ff-el-group    ff-el-input--content'><div class='ff-el-form-check ff-el-tc'><label aria-label='Terms and Conditions: He le\u00eddo y acepto la\u00a0Pol\u00edtica de Privacidad Contains 1 link. Use tab navigation to review.' class='ff-el-form-check-label ff_tc_label' for=\"terms-n-condition_0c359b547e9ff7f7271c60d90ec68d48\"><span class='ff_tc_checkbox'><input type=\"checkbox\" name=\"terms-n-condition\" class=\"ff-el-form-check-input\" data-name=\"terms-n-condition\" id=\"terms-n-condition_0c359b547e9ff7f7271c60d90ec68d48\"  value='on' aria-invalid='false' aria-required=\"true\"><\/span> <div class='ff_t_c'><p>He le\u00eddo y acepto la\u00a0<span style=\"color: #c9a864\"><a style=\"color: #c9a864\" href=\"https:\/\/homeonecanary.com\/en\/politicas-de-privacidad\/\" target=\"_blank\" rel=\"noopener\">Pol\u00edtica de Privacidad<\/a><\/span><\/p><\/div><\/label><\/div><\/div><div class='ff-el-group    ff-el-input--content'><div class='ff-el-form-check ff-el-tc'><label aria-label='Doy mi consentimiento para que este sitio web almacene mi informaci\u00f3n enviada para que puedan responder a mi consulta' class='ff-el-form-check-label ff_tc_label' for=\"gdpr-agreement_81ba42144516c408689939b604122963\"><span class='ff_tc_checkbox'><input type=\"checkbox\" name=\"gdpr-agreement\" class=\"ff-el-form-check-input ff_gdpr_field\" data-name=\"gdpr-agreement\" id=\"gdpr-agreement_81ba42144516c408689939b604122963\"  value='on' aria-invalid='false' aria-required=\"true\"><\/span> <div class='ff_t_c'>Doy mi consentimiento para que este sitio web almacene mi informaci\u00f3n enviada para que puedan responder a mi consulta<\/div><\/label><\/div><\/div><div class='ff-el-group' ><div class='ff-el-input--content'><div data-fluent_id='3' name='g-recaptcha-response'><div\n\t\tdata-sitekey='6LctTqYrAAAAAAYgc25JBLKQqSAliQiMfuujDAHD'\n\t\tid='fluentform-recaptcha-3-1'\n\t\tclass='ff-el-recaptcha g-recaptcha'\n\t\tdata-callback='fluentFormrecaptchaSuccessCallback'><\/div><\/div><\/div><\/div><div class='ff-el-group ff-text-left ff_submit_btn_wrapper'><button type=\"submit\" class=\"ff-btn ff-btn-submit ff-btn-md ff_btn_style wpf_has_custom_css\" >Book<\/button><\/div><\/fieldset><input type=\"hidden\" name=\"trp-form-language\" value=\"en\"\/><\/form><div id='fluentform_3_errors' class='ff-errors-in-stack ff_form_instance_3_1 ff-form-loading_errors ff_form_instance_3_1_errors'><\/div><\/div>            <script type=\"text\/javascript\">\n                window.fluent_form_ff_form_instance_3_1 = {\"id\":\"3\",\"settings\":{\"layout\":{\"labelPlacement\":\"top\",\"helpMessagePlacement\":\"with_label\",\"errorMessagePlacement\":\"inline\",\"cssClassName\":\"\",\"asteriskPlacement\":\"asterisk-right\"},\"restrictions\":{\"denyEmptySubmission\":{\"enabled\":false}}},\"form_instance\":\"ff_form_instance_3_1\",\"form_id_selector\":\"fluentform_3\",\"rules\":{\"names[first_name]\":{\"required\":{\"value\":true,\"message\":\"This field is required\",\"global\":false,\"global_message\":\"Este campo es obligatorio\"}},\"names[middle_name]\":{\"required\":{\"value\":false,\"message\":\"This field is required\",\"global\":false,\"global_message\":\"Este campo es obligatorio\"}},\"names[last_name]\":{\"required\":{\"value\":true,\"message\":\"This field is required\",\"global\":false,\"global_message\":\"Este campo es obligatorio\"}},\"email_1\":{\"required\":{\"value\":true,\"message\":\"Este campo es obligatorio\",\"global\":true,\"global_message\":\"Este campo es obligatorio\"},\"email\":{\"value\":true,\"message\":\"This field must contain a valid email\",\"global\":false,\"global_message\":\"Este campo debe contener un correo electr\\u00f3nico v\\u00e1lido\"}},\"input_text\":{\"required\":{\"value\":true,\"message\":\"Este campo es obligatorio\",\"global_message\":\"Este campo es obligatorio\",\"global\":true}},\"input_text_1\":{\"required\":{\"value\":false,\"message\":\"Este campo es obligatorio\",\"global_message\":\"Este campo es obligatorio\",\"global\":true}},\"input_text_2\":{\"required\":{\"value\":false,\"message\":\"Este campo es obligatorio\",\"global_message\":\"Este campo es obligatorio\",\"global\":true}},\"terms-n-condition\":{\"required\":{\"value\":true,\"message\":\"Este campo es obligatorio\",\"global_message\":\"Este campo es obligatorio\",\"global\":true}},\"gdpr-agreement\":{\"required\":{\"value\":true,\"message\":\"Este campo es obligatorio\",\"global_message\":\"Este campo es obligatorio\",\"global\":true}},\"g-recaptcha-response\":[]},\"debounce_time\":300};\n                            <\/script>\n                        <\/div>\n\n            \t\t\t\t<\/div>\n\t\t\t\t<\/div>\n\t\t\t\t\t<\/div>\n\t\t<\/div>\n\t\t\t\t<div class=\"elementor-column elementor-col-50 elementor-top-column elementor-element elementor-element-0c1ae8e elementor-invisible\" data-id=\"0c1ae8e\" data-element_type=\"column\" data-settings=\"{&quot;animation&quot;:&quot;slideInRight&quot;}\">\n\t\t\t<div class=\"elementor-widget-wrap elementor-element-populated\">\n\t\t\t\t\t\t<div class=\"elementor-element elementor-element-a3dbd1c elementor-widget elementor-widget-image\" data-id=\"a3dbd1c\" data-element_type=\"widget\" data-widget_type=\"image.default\">\n\t\t\t\t\t\t\t\t\t\t\t\t\t\t\t<img fetchpriority=\"high\" decoding=\"async\" width=\"600\" height=\"900\" src=\"https:\/\/homeonecanary.com\/wp-content\/uploads\/2025\/08\/reservar-1.webp\" class=\"attachment-large size-large wp-image-2094\" alt=\"\" srcset=\"https:\/\/homeonecanary.com\/wp-content\/uploads\/2025\/08\/reservar-1.webp 600w, https:\/\/homeonecanary.com\/wp-content\/uploads\/2025\/08\/reservar-1-200x300.webp 200w\" sizes=\"(max-width: 600px) 100vw, 600px\" \/>\t\t\t\t\t\t\t\t\t\t\t\t\t\t\t<\/div>\n\t\t\t\t\t<\/div>\n\t\t<\/div>\n\t\t\t\t\t<\/div>\n\t\t<\/section>\n\t\t\t\t<\/div>\n\t\t\n    <div class=\"xs_social_share_widget xs_share_url after_content \t\tmain_content  wslu-style-1 wslu-share-box-shaped wslu-fill-colored wslu-none wslu-share-horizontal wslu-theme-font-no wslu-main_content\">\n\n\t\t\n        <ul>\n\t\t\t        <\/ul>\n    <\/div>","protected":false},"excerpt":{"rendered":"<p>Gracias por tu inter\u00e9s Reserva \u00a0Est\u00e1s a punto de solicitar una reserva para la siguiente Vivienda: con el precio de: Por favor, rellena el siguiente formulario para continuar con el proceso. NombresApellidosEmailTel\u00e9fono He le\u00eddo y acepto la\u00a0Pol\u00edtica de Privacidad Doy mi consentimiento para que este sitio web almacene mi informaci\u00f3n enviada para que puedan responder a mi consultaReservar<\/p>","protected":false},"author":1,"featured_media":0,"parent":0,"menu_order":0,"comment_status":"closed","ping_status":"closed","template":"elementor_canvas","meta":{"footnotes":""},"class_list":["post-1971","page","type-page","status-publish","hentry"],"yoast_head":"<!-- This site is optimized with the Yoast SEO plugin v26.4 - https:\/\/yoast.com\/wordpress\/plugins\/seo\/ -->\n<title>Reserva - Home One Canary<\/title>\n<meta name=\"robots\" content=\"index, follow, max-snippet:-1, max-image-preview:large, max-video-preview:-1\" \/>\n<link rel=\"canonical\" href=\"https:\/\/homeonecanary.com\/en\/reserva\/\" \/>\n<meta property=\"og:locale\" content=\"en_US\" \/>\n<meta property=\"og:type\" content=\"article\" \/>\n<meta property=\"og:title\" content=\"Reserva - Home One Canary\" \/>\n<meta property=\"og:description\" content=\"Gracias por tu inter\u00e9s Reserva \u00a0Est\u00e1s a punto de solicitar una reserva para la siguiente Vivienda: con el precio de: Por favor, rellena el siguiente formulario para continuar con el proceso. NombresApellidosEmailTel\u00e9fono He le\u00eddo y acepto la\u00a0Pol\u00edtica de Privacidad Doy mi consentimiento para que este sitio web almacene mi informaci\u00f3n enviada para que puedan responder a mi consultaReservar\" \/>\n<meta property=\"og:url\" content=\"https:\/\/homeonecanary.com\/en\/reserva\/\" \/>\n<meta property=\"og:site_name\" content=\"Home One Canary\" \/>\n<meta property=\"article:modified_time\" content=\"2025-08-12T19:24:53+00:00\" \/>\n<meta property=\"og:image\" content=\"http:\/\/demo.appifactory.com\/wp-content\/uploads\/2025\/08\/reservar-1.webp\" \/>\n<meta name=\"twitter:card\" content=\"summary_large_image\" \/>\n<script type=\"application\/ld+json\" class=\"yoast-schema-graph\">{\"@context\":\"https:\/\/schema.org\",\"@graph\":[{\"@type\":\"WebPage\",\"@id\":\"https:\/\/homeonecanary.com\/reserva\/\",\"url\":\"https:\/\/homeonecanary.com\/reserva\/\",\"name\":\"Reserva - Home One Canary\",\"isPartOf\":{\"@id\":\"https:\/\/homeonecanary.com\/#website\"},\"primaryImageOfPage\":{\"@id\":\"https:\/\/homeonecanary.com\/reserva\/#primaryimage\"},\"image\":{\"@id\":\"https:\/\/homeonecanary.com\/reserva\/#primaryimage\"},\"thumbnailUrl\":\"http:\/\/demo.appifactory.com\/wp-content\/uploads\/2025\/08\/reservar-1.webp\",\"datePublished\":\"2025-08-12T11:48:18+00:00\",\"dateModified\":\"2025-08-12T19:24:53+00:00\",\"breadcrumb\":{\"@id\":\"https:\/\/homeonecanary.com\/reserva\/#breadcrumb\"},\"inLanguage\":\"en-US\",\"potentialAction\":[{\"@type\":\"ReadAction\",\"target\":[\"https:\/\/homeonecanary.com\/reserva\/\"]}]},{\"@type\":\"ImageObject\",\"inLanguage\":\"en-US\",\"@id\":\"https:\/\/homeonecanary.com\/reserva\/#primaryimage\",\"url\":\"http:\/\/demo.appifactory.com\/wp-content\/uploads\/2025\/08\/reservar-1.webp\",\"contentUrl\":\"http:\/\/demo.appifactory.com\/wp-content\/uploads\/2025\/08\/reservar-1.webp\"},{\"@type\":\"BreadcrumbList\",\"@id\":\"https:\/\/homeonecanary.com\/reserva\/#breadcrumb\",\"itemListElement\":[{\"@type\":\"ListItem\",\"position\":1,\"name\":\"Portada\",\"item\":\"https:\/\/homeonecanary.com\/\"},{\"@type\":\"ListItem\",\"position\":2,\"name\":\"Reserva\"}]},{\"@type\":\"WebSite\",\"@id\":\"https:\/\/homeonecanary.com\/#website\",\"url\":\"https:\/\/homeonecanary.com\/\",\"name\":\"Home One Canary\",\"description\":\"Servicios en materia de iniciativas de promoci\u00f3n y gesti\u00f3n de desarrollos urban\u00edsticos, infraestructuras, edificaci\u00f3n, e inversi\u00f3n inmobiliaria.\",\"potentialAction\":[{\"@type\":\"SearchAction\",\"target\":{\"@type\":\"EntryPoint\",\"urlTemplate\":\"https:\/\/homeonecanary.com\/?s={search_term_string}\"},\"query-input\":{\"@type\":\"PropertyValueSpecification\",\"valueRequired\":true,\"valueName\":\"search_term_string\"}}],\"inLanguage\":\"en-US\"}]}<\/script>\n<!-- \/ Yoast SEO plugin. -->","yoast_head_json":{"title":"Reserva - Home One Canary","robots":{"index":"index","follow":"follow","max-snippet":"max-snippet:-1","max-image-preview":"max-image-preview:large","max-video-preview":"max-video-preview:-1"},"canonical":"https:\/\/homeonecanary.com\/en\/reserva\/","og_locale":"en_US","og_type":"article","og_title":"Reserva - Home One Canary","og_description":"Gracias por tu inter\u00e9s Reserva \u00a0Est\u00e1s a punto de solicitar una reserva para la siguiente Vivienda: con el precio de: Por favor, rellena el siguiente formulario para continuar con el proceso. NombresApellidosEmailTel\u00e9fono He le\u00eddo y acepto la\u00a0Pol\u00edtica de Privacidad Doy mi consentimiento para que este sitio web almacene mi informaci\u00f3n enviada para que puedan responder a mi consultaReservar","og_url":"https:\/\/homeonecanary.com\/en\/reserva\/","og_site_name":"Home One Canary","article_modified_time":"2025-08-12T19:24:53+00:00","og_image":[{"url":"http:\/\/demo.appifactory.com\/wp-content\/uploads\/2025\/08\/reservar-1.webp","type":"","width":"","height":""}],"twitter_card":"summary_large_image","schema":{"@context":"https:\/\/schema.org","@graph":[{"@type":"WebPage","@id":"https:\/\/homeonecanary.com\/reserva\/","url":"https:\/\/homeonecanary.com\/reserva\/","name":"Reserva - Home One Canary","isPartOf":{"@id":"https:\/\/homeonecanary.com\/#website"},"primaryImageOfPage":{"@id":"https:\/\/homeonecanary.com\/reserva\/#primaryimage"},"image":{"@id":"https:\/\/homeonecanary.com\/reserva\/#primaryimage"},"thumbnailUrl":"http:\/\/demo.appifactory.com\/wp-content\/uploads\/2025\/08\/reservar-1.webp","datePublished":"2025-08-12T11:48:18+00:00","dateModified":"2025-08-12T19:24:53+00:00","breadcrumb":{"@id":"https:\/\/homeonecanary.com\/reserva\/#breadcrumb"},"inLanguage":"en-US","potentialAction":[{"@type":"ReadAction","target":["https:\/\/homeonecanary.com\/reserva\/"]}]},{"@type":"ImageObject","inLanguage":"en-US","@id":"https:\/\/homeonecanary.com\/reserva\/#primaryimage","url":"http:\/\/demo.appifactory.com\/wp-content\/uploads\/2025\/08\/reservar-1.webp","contentUrl":"http:\/\/demo.appifactory.com\/wp-content\/uploads\/2025\/08\/reservar-1.webp"},{"@type":"BreadcrumbList","@id":"https:\/\/homeonecanary.com\/reserva\/#breadcrumb","itemListElement":[{"@type":"ListItem","position":1,"name":"Portada","item":"https:\/\/homeonecanary.com\/"},{"@type":"ListItem","position":2,"name":"Reserva"}]},{"@type":"WebSite","@id":"https:\/\/homeonecanary.com\/#website","url":"https:\/\/homeonecanary.com\/","name":"Home One Canary","description":"Servicios en materia de iniciativas de promoci\u00f3n y gesti\u00f3n de desarrollos urban\u00edsticos, infraestructuras, edificaci\u00f3n, e inversi\u00f3n inmobiliaria.","potentialAction":[{"@type":"SearchAction","target":{"@type":"EntryPoint","urlTemplate":"https:\/\/homeonecanary.com\/?s={search_term_string}"},"query-input":{"@type":"PropertyValueSpecification","valueRequired":true,"valueName":"search_term_string"}}],"inLanguage":"en-US"}]}},"_links":{"self":[{"href":"https:\/\/homeonecanary.com\/en\/wp-json\/wp\/v2\/pages\/1971","targetHints":{"allow":["GET"]}}],"collection":[{"href":"https:\/\/homeonecanary.com\/en\/wp-json\/wp\/v2\/pages"}],"about":[{"href":"https:\/\/homeonecanary.com\/en\/wp-json\/wp\/v2\/types\/page"}],"author":[{"embeddable":true,"href":"https:\/\/homeonecanary.com\/en\/wp-json\/wp\/v2\/users\/1"}],"replies":[{"embeddable":true,"href":"https:\/\/homeonecanary.com\/en\/wp-json\/wp\/v2\/comments?post=1971"}],"version-history":[{"count":25,"href":"https:\/\/homeonecanary.com\/en\/wp-json\/wp\/v2\/pages\/1971\/revisions"}],"predecessor-version":[{"id":2097,"href":"https:\/\/homeonecanary.com\/en\/wp-json\/wp\/v2\/pages\/1971\/revisions\/2097"}],"wp:attachment":[{"href":"https:\/\/homeonecanary.com\/en\/wp-json\/wp\/v2\/media?parent=1971"}],"curies":[{"name":"wp","href":"https:\/\/api.w.org\/{rel}","templated":true}]}}